{"id":1582,"date":"2024-12-16T00:35:45","date_gmt":"2024-12-16T00:35:45","guid":{"rendered":"https:\/\/blog.electronicacidea.com.mxcontact-2\/"},"modified":"2026-03-19T18:08:10","modified_gmt":"2026-03-19T18:08:10","slug":"contacto","status":"publish","type":"page","link":"https:\/\/blog.electronicacidea.com.mx\/blog\/contacto\/","title":{"rendered":"Contacto"},"content":{"rendered":"\n<div class=\"wp-block-uagb-container uagb-block-26efabae alignfull uagb-is-root-container\"><div class=\"uagb-container-inner-blocks-wrap\">\n<div class=\"wp-block-uagb-advanced-heading uagb-block-9cfdc7a2\"><h1 class=\"uagb-heading-text\">Contacto<\/h1><p class=\"uagb-desc-text\">Estamos listos para atenderte<\/p><\/div>\n\n\n\n<div class=\"wp-block-uagb-container uagb-block-b0f5559b\">\n<div class=\"wp-block-uagb-container uagb-block-13bae795\">\n<div class=\"wp-block-uagb-advanced-heading uagb-block-73b401ad\"><h3 class=\"uagb-heading-text\">Nuestra Ubicaci\u00f3n<\/h3><\/div>\n\n\n\n<div class=\"wp-block-uagb-icon-list uagb-block-5c79a486\"><div class=\"uagb-icon-list__wrap\">\n<div class=\"wp-block-uagb-icon-list-child uagb-block-5d27efa1\"><a target=\"_self\" aria-label=\"Av. Benito Ju\u00e1rez Ote. 228. Colonia El Riel CP. 76807, San Juan Del R\u00edo, Qro. \" rel=\"noopener noreferrer\" href=\"#\"> <\/a><span class=\"uagb-icon-list__label\">Av. Benito Ju\u00e1rez Ote. 228. Colonia El Riel CP. 76807, San Juan Del R\u00edo, Qro. <\/span><\/div>\n\n\n\n<div class=\"wp-block-uagb-icon-list-child uagb-block-1f5f429f\"><a target=\"_self\" aria-label=\"Tel\u00e9fono: 4272436811\" rel=\"noopener noreferrer\" href=\"#\"> <\/a><span class=\"uagb-icon-list__label\">Tel\u00e9fono: 4272436811<\/span><\/div>\n\n\n\n<div class=\"wp-block-uagb-icon-list-child uagb-block-07925a8d\"><a target=\"_self\" aria-label=\"Horarios: Lunes a Viernes de 9 am a 6 pm \/\/ S\u00e1bados 9 am a 1 pm \" rel=\"noopener noreferrer\" href=\"#\"> <\/a><span class=\"uagb-icon-list__label\">Horarios: Lunes a Viernes de 9 am a 6 pm \/\/ S\u00e1bados 9 am a 1 pm <\/span><\/div>\n<\/div><\/div>\n<\/div>\n\n\n\n<div class=\"wp-block-uagb-container uagb-block-c1997b27\">\n<div class=\"wp-block-uagb-advanced-heading uagb-block-660044da\"><h3 class=\"uagb-heading-text\">M\u00e1ndanos Tus Dudas o Cotiza<\/h3><\/div>\n\n\n\n<div class=\"wp-block-uagb-forms uagb-forms__outer-wrap uagb-block-4438fe63 uagb-forms__medium-btn\"><form class=\"uagb-forms-main-form\" method=\"post\" autocomplete=\"on\" name=\"uagb-form-4438fe63\">\n<div class=\"wp-block-uagb-forms-name uagb-forms-name-wrap uagb-forms-field-set uagb-block-3acb1589 uag-col-2\"><div class=\"uagb-forms-name-label required uagb-forms-input-label\" id=\"3acb1589\">First Name<\/div><input type=\"text\" placeholder=\"Nombre \" required class=\"uagb-forms-name-input uagb-forms-input\" name=\"3acb1589\" autocomplete=\"off\"\/><\/div>\n\n\n\n<div class=\"wp-block-uagb-forms-name uagb-forms-name-wrap uagb-forms-field-set uagb-block-97e5c4a7 uag-col-2\"><div class=\"uagb-forms-name-label required uagb-forms-input-label\" id=\"97e5c4a7\">Last Name<\/div><input type=\"text\" placeholder=\"Apellido\" required class=\"uagb-forms-name-input uagb-forms-input\" name=\"97e5c4a7\" autocomplete=\"off\"\/><\/div>\n\n\n\n<div class=\"wp-block-uagb-forms-email uagb-forms-email-wrap uagb-forms-field-set uagb-block-16057e6c\"><div class=\"uagb-forms-email-label required uagb-forms-input-label\" id=\"16057e6c\">Email<\/div><input type=\"email\" class=\"uagb-forms-email-input uagb-forms-input\" placeholder=\"Direcci\u00f3n Email\" required name=\"16057e6c\" autocomplete=\"email\"\/><\/div>\n\n\n\n<div class=\"wp-block-uagb-forms-textarea uagb-forms-textarea-wrap uagb-forms-field-set uagb-block-65fe4c64\"><div class=\"uagb-forms-textarea-label required uagb-forms-input-label\" id=\"65fe4c64\">Message<\/div><textarea required class=\"uagb-forms-textarea-input uagb-forms-input\" rows=\"4\" placeholder=\"Mensaje\" name=\"65fe4c64\" autocomplete=\"off\"><\/textarea><\/div>\n<div class=\"uagb-forms-form-hidden-data\"><input type=\"hidden\" class=\"uagb_forms_form_label\" value=\"Spectra Form\"\/><input type=\"hidden\" class=\"uagb_forms_form_id\" value=\"uagb-form-4438fe63\"\/><\/div><div class=\"uagb-form-reacaptcha-error-4438fe63\"><\/div><div class=\"uagb-forms-main-submit-button-wrap wp-block-button\"><button class=\"uagb-forms-main-submit-button wp-block-button__link\"><div class=\"uagb-forms-main-submit-button-text\">Enviar<\/div><\/button><\/div><\/form><div class=\"uagb-forms-success-message-4438fe63 uagb-forms-submit-message-hide\"><span>The form has been submitted successfully!<\/span><\/div><div class=\"uagb-forms-failed-message-4438fe63 uagb-forms-submit-message-hide\"><span>There has been some error while submitting the form. Please verify all form fields again.<\/span><\/div><\/div>\n<\/div>\n<\/div>\n\n\n\n<div class=\"wp-block-uagb-advanced-heading uagb-block-fa6c01e3\"><h2 class=\"uagb-heading-text\">M\u00e1s que electr\u00f3nica, Soluciones para tu vida<\/h2><div class=\"uagb-separator\"><\/div><\/div>\n\n\n\n<div class=\"wp-block-uagb-container uagb-block-2214fb45\"><\/div>\n<\/div><\/div>\n","protected":false},"excerpt":{"rendered":"<p>Contacto Estamos listos para atenderte Nuestra Ubicaci\u00f3n M\u00e1ndanos Tus Dudas o Cotiza M\u00e1s que electr\u00f3nica, Soluciones para tu vida<\/p>\n","protected":false},"author":1,"featured_media":0,"parent":0,"menu_order":0,"comment_status":"closed","ping_status":"closed","template":"","meta":{"_seopress_robots_primary_cat":"","_seopress_titles_title":"Atenci\u00f3n personalizada Tienda Electr\u00f3nica San Juan Del R\u00edo","_seopress_titles_desc":"Cont\u00e1ctanos en Av. Benito Ju\u00e1rez Ote. 228, San Juan Del R\u00edo. Atenci\u00f3n personalizada de Lunes a S\u00e1bado. \u00a1Estamos aqu\u00ed para ayudarte!","_seopress_robots_index":"","_uag_custom_page_level_css":"","site-sidebar-layout":"default","site-content-layout":"plain-container","ast-site-content-layout":"normal-width-container","site-content-style":"unboxed","site-sidebar-style":"unboxed","ast-global-header-display":"","ast-banner-title-visibility":"","ast-main-header-display":"","ast-hfb-above-header-display":"","ast-hfb-below-header-display":"","ast-hfb-mobile-header-display":"","site-post-title":"disabled","ast-breadcrumbs-content":"","ast-featured-img":"","footer-sml-layout":"","theme-transparent-header-meta":"","adv-header-id-meta":"","stick-header-meta":"","header-above-stick-meta":"","header-main-stick-meta":"","header-below-stick-meta":"","astra-migrate-meta-layouts":"set","ast-page-background-enabled":"default","ast-page-background-meta":{"desktop":{"background-color":"","background-image":"","background-repeat":"repeat","background-position":"center center","background-size":"auto","background-attachment":"scroll","background-type":"","background-media":"","overlay-type":"","overlay-color":"","overlay-opacity":"","overlay-gradient":""},"tablet":{"background-color":"","background-image":"","background-repeat":"repeat","background-position":"center center","background-size":"auto","background-attachment":"scroll","background-type":"","background-media":"","overlay-type":"","overlay-color":"","overlay-opacity":"","overlay-gradient":""},"mobile":{"background-color":"","background-image":"","background-repeat":"repeat","background-position":"center center","background-size":"auto","background-attachment":"scroll","background-type":"","background-media":"","overlay-type":"","overlay-color":"","overlay-opacity":"","overlay-gradient":""}},"ast-content-background-meta":{"desktop":{"background-color":"var(--ast-global-color-5)","background-image":"","background-repeat":"repeat","background-position":"center center","background-size":"auto","background-attachment":"scroll","background-type":"","background-media":"","overlay-type":"","overlay-color":"","overlay-opacity":"","overlay-gradient":""},"tablet":{"background-color":"var(--ast-global-color-5)","background-image":"","background-repeat":"repeat","background-position":"center center","background-size":"auto","background-attachment":"scroll","background-type":"","background-media":"","overlay-type":"","overlay-color":"","overlay-opacity":"","overlay-gradient":""},"mobile":{"background-color":"var(--ast-global-color-5)","background-image":"","background-repeat":"repeat","background-position":"center center","background-size":"auto","background-attachment":"scroll","background-type":"","background-media":"","overlay-type":"","overlay-color":"","overlay-opacity":"","overlay-gradient":""}},"footnotes":""},"class_list":["post-1582","page","type-page","status-publish","hentry"],"uagb_featured_image_src":{"full":false,"thumbnail":false,"medium":false,"medium_large":false,"large":false,"1536x1536":false,"2048x2048":false},"uagb_author_info":{"display_name":"admin","author_link":"https:\/\/blog.electronicacidea.com.mx\/blog\/author\/cristhianortiz8\/"},"uagb_comment_info":0,"uagb_excerpt":"Contacto Estamos listos para atenderte Nuestra Ubicaci\u00f3n M\u00e1ndanos Tus Dudas o Cotiza M\u00e1s que electr\u00f3nica, Soluciones para tu vida","_links":{"self":[{"href":"https:\/\/blog.electronicacidea.com.mx\/blog\/wp-json\/wp\/v2\/pages\/1582","targetHints":{"allow":["GET"]}}],"collection":[{"href":"https:\/\/blog.electronicacidea.com.mx\/blog\/wp-json\/wp\/v2\/pages"}],"about":[{"href":"https:\/\/blog.electronicacidea.com.mx\/blog\/wp-json\/wp\/v2\/types\/page"}],"author":[{"embeddable":true,"href":"https:\/\/blog.electronicacidea.com.mx\/blog\/wp-json\/wp\/v2\/users\/1"}],"replies":[{"embeddable":true,"href":"https:\/\/blog.electronicacidea.com.mx\/blog\/wp-json\/wp\/v2\/comments?post=1582"}],"version-history":[{"count":0,"href":"https:\/\/blog.electronicacidea.com.mx\/blog\/wp-json\/wp\/v2\/pages\/1582\/revisions"}],"wp:attachment":[{"href":"https:\/\/blog.electronicacidea.com.mx\/blog\/wp-json\/wp\/v2\/media?parent=1582"}],"curies":[{"name":"wp","href":"https:\/\/api.w.org\/{rel}","templated":true}]}}